{"id":77125,"date":"2026-03-02T13:50:27","date_gmt":"2026-03-02T13:50:27","guid":{"rendered":"https:\/\/arianimeri.mk\/?page_id=77125"},"modified":"2026-03-02T14:41:42","modified_gmt":"2026-03-02T14:41:42","slug":"%d0%bf%d0%be%d0%bb%d0%b8%d1%82%d0%b8%d0%ba%d0%b0-%d0%b7%d0%b0-%d0%be%d0%b4%d0%b3%d0%be%d0%b2%d0%be%d1%80%d0%bd%d0%be%d1%81%d1%82","status":"publish","type":"page","link":"https:\/\/arianimeri.mk\/sq\/%d0%bf%d0%be%d0%bb%d0%b8%d1%82%d0%b8%d0%ba%d0%b0-%d0%b7%d0%b0-%d0%be%d0%b4%d0%b3%d0%be%d0%b2%d0%be%d1%80%d0%bd%d0%be%d1%81%d1%82\/","title":{"rendered":"Politika e p\u00ebrgjegj\u00ebsis\u00eb"},"content":{"rendered":"<p>Informacioni i publikuar n\u00eb faqen e internetit <strong>arianimeri.mk<\/strong> jan\u00eb t\u00eb destinuara vet\u00ebm p\u00ebr informacion t\u00eb p\u00ebrgjithsh\u00ebm dhe nuk p\u00ebrb\u00ebjn\u00eb k\u00ebshilla ligjore, opinion ligjor ose krijimin e nj\u00eb marr\u00ebdh\u00ebnie avokat-klient.<\/p>\n\n\n\n<hr class=\"wp-block-separator has-alpha-channel-opacity\"\/>\n\n\n\n<h3 class=\"wp-block-heading\">1. Natyra informative e p\u00ebrmbajtjes<\/h3>\n\n\n\n<p>T\u00eb gjitha tekstet, njoftimet dhe informacionet e disponueshme n\u00eb k\u00ebt\u00eb faqe interneti jan\u00eb t\u00eb natyr\u00ebs informuese dhe publikohen me q\u00ebllim njohjen e vizitor\u00ebve me sh\u00ebrbimet dhe fushat e pun\u00ebs s\u00eb firm\u00ebs ligjore.<\/p>\n\n\n\n<p>P\u00ebrdorimi i informacionit nga faqja e internetit \u00ebsht\u00eb n\u00eb rrezikun e vet\u00eb p\u00ebrdoruesit.<\/p>\n\n\n\n<hr class=\"wp-block-separator has-alpha-channel-opacity\"\/>\n\n\n\n<h3 class=\"wp-block-heading\">2. Asnj\u00eb marr\u00ebdh\u00ebnie avokat-klient<\/h3>\n\n\n\n<p>Vizita n\u00eb faqen e internetit, d\u00ebrgimi i nj\u00eb mesazhi p\u00ebrmes formularit t\u00eb kontaktit ose emailit <strong>nuk krijon nj\u00eb marr\u00ebdh\u00ebnie avokat-klient<\/strong>Nj\u00eb marr\u00ebdh\u00ebnie e till\u00eb krijohet ekskluzivisht duke lidhur nj\u00eb marr\u00ebveshje p\u00ebr sh\u00ebrbime ligjore.<\/p>\n\n\n\n<hr class=\"wp-block-separator has-alpha-channel-opacity\"\/>\n\n\n\n<h3 class=\"wp-block-heading\">3. Sakt\u00ebsia dhe p\u00ebrdit\u00ebsimi i informacionit<\/h3>\n\n\n\n<p>Nd\u00ebrkoh\u00eb q\u00eb b\u00ebhen p\u00ebrpjekje t\u00eb arsyeshme p\u00ebr t\u00eb siguruar q\u00eb informacioni t\u00eb jet\u00eb i sakt\u00eb dhe i azhurnuar, <strong>arianimeri.mk<\/strong> nuk garanton plot\u00ebsin\u00eb, sakt\u00ebsin\u00eb ose aktualitetin konstant t\u00eb p\u00ebrmbajtjes.<\/p>\n\n\n\n<p>Ligjet dhe praktika ligjore mund t\u00eb ndryshojn\u00eb, prandaj rekomandohet t\u00eb konsultoheni me nj\u00eb avokat p\u00ebrpara se t\u00eb nd\u00ebrmerrni ndonj\u00eb veprim ligjor.<\/p>\n\n\n\n<hr class=\"wp-block-separator has-alpha-channel-opacity\"\/>\n\n\n\n<h3 class=\"wp-block-heading\">4. Kufizimi i p\u00ebrgjegj\u00ebsis\u00eb<\/h3>\n\n\n\n<p>Uebsajti dhe pronari i tij nuk marrin p\u00ebrsip\u00ebr p\u00ebrgjegj\u00ebsin\u00eb p\u00ebr:<\/p>\n\n\n\n<ul class=\"wp-block-list\">\n<li>\u00e7do d\u00ebmtim t\u00eb drejtp\u00ebrdrejt\u00eb ose t\u00eb t\u00ebrthort\u00eb q\u00eb rezulton nga p\u00ebrdorimi i informacionit;<\/li>\n\n\n\n<li>vendimet e marra bazuar n\u00eb p\u00ebrmbajtjen e faqes;<\/li>\n\n\n\n<li>nd\u00ebrprerje teknike, gabime ose padisponueshm\u00ebri e faqes s\u00eb internetit.<\/li>\n<\/ul>\n\n\n\n<hr class=\"wp-block-separator has-alpha-channel-opacity\"\/>\n\n\n\n<h3 class=\"wp-block-heading\">5. Lidhje t\u00eb jashtme<\/h3>\n\n\n\n<p>\u0412\u0435\u0431-\u0441\u0442\u0440\u0430\u043d\u0438\u0446\u0430\u0442\u0430 \u043c\u043e\u0436\u0435 \u0434\u0430 \u0441\u043e\u0434\u0440\u0436\u0438 \u043b\u0438\u043d\u043a\u043e\u0432\u0438 \u0434\u043e \u0434\u0440\u0443\u0433\u0438 \u0432\u0435\u0431-\u0441\u0442\u0440\u0430\u043d\u0438\u0446\u0438. <strong>arianimeri.mk<\/strong> \u043d\u0435\u043c\u0430 \u043a\u043e\u043d\u0442\u0440\u043e\u043b\u0430 \u0432\u0440\u0437 \u043d\u0438\u0432\u043d\u0430\u0442\u0430 \u0441\u043e\u0434\u0440\u0436\u0438\u043d\u0430 \u0438 \u043d\u0435 \u043f\u0440\u0435\u0437\u0435\u043c\u0430 \u043e\u0434\u0433\u043e\u0432\u043e\u0440\u043d\u043e\u0441\u0442 \u0437\u0430 \u0438\u043d\u0444\u043e\u0440\u043c\u0430\u0446\u0438\u0438\u0442\u0435 \u0438\u043b\u0438 \u043f\u043e\u043b\u0438\u0442\u0438\u043a\u0438\u0442\u0435 \u043d\u0430 \u0442\u0438\u0435 \u0441\u0442\u0440\u0430\u043d\u0438\u0446\u0438.<\/p>\n\n\n\n<hr class=\"wp-block-separator has-alpha-channel-opacity\"\/>\n\n\n\n<h3 class=\"wp-block-heading\">6. Pron\u00ebsia intelektuale<\/h3>\n\n\n\n<p>T\u00eb gjitha tekstet, dizajnet, logot dhe p\u00ebrmbajtja e publikuar n\u00eb faqen e internetit jan\u00eb t\u00eb mbrojtura nga t\u00eb drejtat e autorit dhe nuk mund t\u00eb kopjohen, riprodhohen ose p\u00ebrdoren pa p\u00eblqimin paraprak me shkrim.<\/p>\n\n\n\n<hr class=\"wp-block-separator has-alpha-channel-opacity\"\/>\n\n\n\n<h3 class=\"wp-block-heading\">7. Ndryshimet e politikave<\/h3>\n\n\n\n<p>arianimeri.mk rezervon t\u00eb drejt\u00ebn p\u00ebr t\u00eb ndryshuar k\u00ebt\u00eb Politik\u00eb P\u00ebrgjegj\u00ebsie n\u00eb \u00e7do koh\u00eb pa njoftim paraprak. T\u00eb gjitha ndryshimet do t\u00eb hyjn\u00eb n\u00eb fuqi pas publikimit t\u00eb tyre n\u00eb faqen e internetit.<\/p>\n\n\n\n<p><\/p>\n\n\n\n<p><\/p>\n\n\n\n<p><\/p>\n\n\n\n<p><\/p>\n\n\n\n<p><\/p>","protected":false},"excerpt":{"rendered":"<p>\u0418\u043d\u0444\u043e\u0440\u043c\u0430\u0446\u0438\u0438\u0442\u0435 \u043e\u0431\u0458\u0430\u0432\u0435\u043d\u0438 \u043d\u0430 \u0432\u0435\u0431-\u0441\u0442\u0440\u0430\u043d\u0438\u0446\u0430\u0442\u0430 arianimeri.mk \u0441\u0435 \u043d\u0430\u043c\u0435\u043d\u0435\u0442\u0438 \u0438\u0441\u043a\u043b\u0443\u0447\u0438\u0432\u043e \u0437\u0430 \u043e\u043f\u0448\u0442\u043e \u0438\u043d\u0444\u043e\u0440\u043c\u0438\u0440\u0430\u045a\u0435 \u0438 \u043d\u0435 \u043f\u0440\u0435\u0442\u0441\u0442\u0430\u0432\u0443\u0432\u0430\u0430\u0442 \u043f\u0440\u0430\u0432\u0435\u043d \u0441\u043e\u0432\u0435\u0442, \u043f\u0440\u0430\u0432\u043d\u043e \u043c\u0438\u0441\u043b\u0435\u045a\u0435 \u0438\u043b\u0438 \u0432\u043e\u0441\u043f\u043e\u0441\u0442\u0430\u0432\u0443\u0432\u0430\u045a\u0435 \u0430\u0434\u0432\u043e\u043a\u0430\u0442\u0441\u043a\u043e-\u043a\u043b\u0438\u0435\u043d\u0442\u0441\u043a\u0438 \u043e\u0434\u043d\u043e\u0441. 1. \u0418\u043d\u0444\u043e\u0440\u043c\u0430\u0442\u0438\u0432\u0435\u043d \u043a\u0430\u0440\u0430\u043a\u0442\u0435\u0440 \u043d\u0430 \u0441\u043e\u0434\u0440\u0436\u0438\u043d\u0430\u0442\u0430 \u0421\u0438\u0442\u0435 \u0442\u0435\u043a\u0441\u0442\u043e\u0432\u0438, \u043e\u0431\u0458\u0430\u0432\u0438 \u0438 \u0438\u043d\u0444\u043e\u0440\u043c\u0430\u0446\u0438\u0438 \u0434\u043e\u0441\u0442\u0430\u043f\u043d\u0438 \u043d\u0430 \u043e\u0432\u0430\u0430 \u0432\u0435\u0431-\u0441\u0442\u0440\u0430\u043d\u0438\u0446\u0430 \u0438\u043c\u0430\u0430\u0442 \u0438\u043d\u0444\u043e\u0440\u043c\u0430\u0442\u0438\u0432\u0435\u043d \u043a\u0430\u0440\u0430\u043a\u0442\u0435\u0440 \u0438 \u0441\u0435 \u043e\u0431\u0458\u0430\u0432\u0435\u043d\u0438 \u0441\u043e \u0446\u0435\u043b \u0437\u0430\u043f\u043e\u0437\u043d\u0430\u0432\u0430\u045a\u0435 \u043d\u0430 \u043f\u043e\u0441\u0435\u0442\u0438\u0442\u0435\u043b\u0438\u0442\u0435 \u0441\u043e \u0443\u0441\u043b\u0443\u0433\u0438\u0442\u0435 \u0438 \u043e\u0431\u043b\u0430\u0441\u0442\u0438\u0442\u0435 \u043d\u0430 \u0440\u0430\u0431\u043e\u0442\u0430 \u043d\u0430 \u0430\u0434\u0432\u043e\u043a\u0430\u0442\u0441\u043a\u0430\u0442\u0430 [&hellip;]<\/p>\n","protected":false},"author":1,"featured_media":0,"parent":0,"menu_order":0,"comment_status":"closed","ping_status":"closed","template":"","meta":{"_et_pb_use_builder":"off","_et_pb_old_content":"","_et_gb_content_width":"1080","footnotes":""},"class_list":["post-77125","page","type-page","status-publish","hentry"],"yoast_head":"<!-- This site is optimized with the Yoast SEO plugin v27.1.1 - https:\/\/yoast.com\/product\/yoast-seo-wordpress\/ -->\n<title>\u041f\u043e\u043b\u0438\u0442\u0438\u043a\u0430 \u0437\u0430 \u043e\u0434\u0433\u043e\u0432\u043e\u0440\u043d\u043e\u0441\u0442 - Arian Imeri<\/title>\n<meta name=\"description\" content=\"\u041f\u043e\u043b\u0438\u0442\u0438\u043a\u0430 \u0437\u0430 \u043e\u0434\u0433\u043e\u0432\u043e\u0440\u043d\u043e\u0441\u0442 - Arian Imeri -\" \/>\n<meta name=\"robots\" content=\"index, follow, max-snippet:-1, max-image-preview:large, max-video-preview:-1\" \/>\n<link rel=\"canonical\" href=\"https:\/\/arianimeri.mk\/sq\/\u043f\u043e\u043b\u0438\u0442\u0438\u043a\u0430-\u0437\u0430-\u043e\u0434\u0433\u043e\u0432\u043e\u0440\u043d\u043e\u0441\u0442\/\" \/>\n<meta property=\"og:locale\" content=\"sq_AL\" \/>\n<meta property=\"og:type\" content=\"article\" \/>\n<meta property=\"og:title\" content=\"\u041f\u043e\u043b\u0438\u0442\u0438\u043a\u0430 \u0437\u0430 \u043e\u0434\u0433\u043e\u0432\u043e\u0440\u043d\u043e\u0441\u0442 - Arian Imeri\" \/>\n<meta property=\"og:description\" content=\"\u041f\u043e\u043b\u0438\u0442\u0438\u043a\u0430 \u0437\u0430 \u043e\u0434\u0433\u043e\u0432\u043e\u0440\u043d\u043e\u0441\u0442 - Arian Imeri -\" \/>\n<meta property=\"og:url\" content=\"https:\/\/arianimeri.mk\/sq\/\u043f\u043e\u043b\u0438\u0442\u0438\u043a\u0430-\u0437\u0430-\u043e\u0434\u0433\u043e\u0432\u043e\u0440\u043d\u043e\u0441\u0442\/\" \/>\n<meta property=\"og:site_name\" content=\"Arian Imeri\" \/>\n<meta property=\"article:publisher\" content=\"https:\/\/www.facebook.com\/p\/Zyr-Avokatie-Arian-IMERI-100077579821993\/\" \/>\n<meta property=\"article:modified_time\" content=\"2026-03-02T14:41:42+00:00\" \/>\n<meta property=\"og:image\" content=\"https:\/\/arianimeri.mk\/wp-content\/uploads\/2026\/02\/cropped-Arian-Imeri-Sq-1.png\" \/>\n\t<meta property=\"og:image:width\" content=\"512\" \/>\n\t<meta property=\"og:image:height\" content=\"512\" \/>\n\t<meta property=\"og:image:type\" content=\"image\/png\" \/>\n<meta name=\"twitter:card\" content=\"summary_large_image\" \/>\n<meta name=\"twitter:label1\" content=\"Est. reading time\" \/>\n\t<meta name=\"twitter:data1\" content=\"2 minuta\" \/>\n<script type=\"application\/ld+json\" class=\"yoast-schema-graph\">{\"@context\":\"https:\/\/schema.org\",\"@graph\":[{\"@type\":\"WebPage\",\"@id\":\"https:\/\/arianimeri.mk\/%d0%bf%d0%be%d0%bb%d0%b8%d1%82%d0%b8%d0%ba%d0%b0-%d0%b7%d0%b0-%d0%be%d0%b4%d0%b3%d0%be%d0%b2%d0%be%d1%80%d0%bd%d0%be%d1%81%d1%82\/\",\"url\":\"https:\/\/arianimeri.mk\/%d0%bf%d0%be%d0%bb%d0%b8%d1%82%d0%b8%d0%ba%d0%b0-%d0%b7%d0%b0-%d0%be%d0%b4%d0%b3%d0%be%d0%b2%d0%be%d1%80%d0%bd%d0%be%d1%81%d1%82\/\",\"name\":\"\u041f\u043e\u043b\u0438\u0442\u0438\u043a\u0430 \u0437\u0430 \u043e\u0434\u0433\u043e\u0432\u043e\u0440\u043d\u043e\u0441\u0442 - Arian Imeri\",\"isPartOf\":{\"@id\":\"https:\/\/arianimeri.mk\/#website\"},\"datePublished\":\"2026-03-02T13:50:27+00:00\",\"dateModified\":\"2026-03-02T14:41:42+00:00\",\"description\":\"\u041f\u043e\u043b\u0438\u0442\u0438\u043a\u0430 \u0437\u0430 \u043e\u0434\u0433\u043e\u0432\u043e\u0440\u043d\u043e\u0441\u0442 - Arian Imeri -\",\"breadcrumb\":{\"@id\":\"https:\/\/arianimeri.mk\/%d0%bf%d0%be%d0%bb%d0%b8%d1%82%d0%b8%d0%ba%d0%b0-%d0%b7%d0%b0-%d0%be%d0%b4%d0%b3%d0%be%d0%b2%d0%be%d1%80%d0%bd%d0%be%d1%81%d1%82\/#breadcrumb\"},\"inLanguage\":\"sq\",\"potentialAction\":[{\"@type\":\"ReadAction\",\"target\":[\"https:\/\/arianimeri.mk\/%d0%bf%d0%be%d0%bb%d0%b8%d1%82%d0%b8%d0%ba%d0%b0-%d0%b7%d0%b0-%d0%be%d0%b4%d0%b3%d0%be%d0%b2%d0%be%d1%80%d0%bd%d0%be%d1%81%d1%82\/\"]}]},{\"@type\":\"BreadcrumbList\",\"@id\":\"https:\/\/arianimeri.mk\/%d0%bf%d0%be%d0%bb%d0%b8%d1%82%d0%b8%d0%ba%d0%b0-%d0%b7%d0%b0-%d0%be%d0%b4%d0%b3%d0%be%d0%b2%d0%be%d1%80%d0%bd%d0%be%d1%81%d1%82\/#breadcrumb\",\"itemListElement\":[{\"@type\":\"ListItem\",\"position\":1,\"name\":\"Home\",\"item\":\"https:\/\/arianimeri.mk\/\"},{\"@type\":\"ListItem\",\"position\":2,\"name\":\"\u041f\u043e\u043b\u0438\u0442\u0438\u043a\u0430 \u0437\u0430 \u043e\u0434\u0433\u043e\u0432\u043e\u0440\u043d\u043e\u0441\u0442\"}]},{\"@type\":\"WebSite\",\"@id\":\"https:\/\/arianimeri.mk\/#website\",\"url\":\"https:\/\/arianimeri.mk\/\",\"name\":\"\u0410\u0440\u0438\u0430\u043d \u0418\u043c\u0435\u0440\u0438 | Arian Imeri\",\"description\":\"\u0410\u0434\u0432\u043e\u043a\u0430\u0442\u0441\u043a\u0430 \u043a\u0430\u043d\u0446\u0430\u043b\u0430\u0440\u0438\u0458\u0430 \u0410\u0440\u0438\u0430\u043d \u0418\u043c\u0435\u0440\u0438\",\"publisher\":{\"@id\":\"https:\/\/arianimeri.mk\/#organization\"},\"alternateName\":\"\u0410\u0440\u0438\u0430\u043d \u0418\u043c\u0435\u0440\u0438\",\"potentialAction\":[{\"@type\":\"SearchAction\",\"target\":{\"@type\":\"EntryPoint\",\"urlTemplate\":\"https:\/\/arianimeri.mk\/?s={search_term_string}\"},\"query-input\":{\"@type\":\"PropertyValueSpecification\",\"valueRequired\":true,\"valueName\":\"search_term_string\"}}],\"inLanguage\":\"sq\"},{\"@type\":\"Organization\",\"@id\":\"https:\/\/arianimeri.mk\/#organization\",\"name\":\"\u0410\u0434\u0432\u043e\u043a\u0430\u0442\u0441\u043a\u0430 \u043a\u0430\u043d\u0446\u0430\u043b\u0430\u0440\u0438\u0458\u0430 \u0410\u0440\u0438\u0458\u0430\u043d \u0418\u043c\u0435\u0440\u0438\",\"alternateName\":\"\u041d\u0430\u0458\u0434\u043e\u0431\u0440\u0430 \u043f\u0440\u0430\u0432\u043d\u0430 \u043f\u043e\u0434\u0434\u0440\u0448\u043a\u0430 \u0437\u0430 \u0432\u0430\u0441\",\"url\":\"https:\/\/arianimeri.mk\/\",\"logo\":{\"@type\":\"ImageObject\",\"inLanguage\":\"sq\",\"@id\":\"https:\/\/arianimeri.mk\/#\/schema\/logo\/image\/\",\"url\":\"https:\/\/arianimeri.mk\/wp-content\/uploads\/2026\/02\/cropped-Arian-Imeri-Sq-1.png\",\"contentUrl\":\"https:\/\/arianimeri.mk\/wp-content\/uploads\/2026\/02\/cropped-Arian-Imeri-Sq-1.png\",\"width\":512,\"height\":512,\"caption\":\"\u0410\u0434\u0432\u043e\u043a\u0430\u0442\u0441\u043a\u0430 \u043a\u0430\u043d\u0446\u0430\u043b\u0430\u0440\u0438\u0458\u0430 \u0410\u0440\u0438\u0458\u0430\u043d \u0418\u043c\u0435\u0440\u0438\"},\"image\":{\"@id\":\"https:\/\/arianimeri.mk\/#\/schema\/logo\/image\/\"},\"sameAs\":[\"https:\/\/www.facebook.com\/p\/Zyr-Avokatie-Arian-IMERI-100077579821993\/\"]}]}<\/script>\n<!-- \/ Yoast SEO plugin. -->","yoast_head_json":{"title":"\u041f\u043e\u043b\u0438\u0442\u0438\u043a\u0430 \u0437\u0430 \u043e\u0434\u0433\u043e\u0432\u043e\u0440\u043d\u043e\u0441\u0442 - Arian Imeri","description":"\u041f\u043e\u043b\u0438\u0442\u0438\u043a\u0430 \u0437\u0430 \u043e\u0434\u0433\u043e\u0432\u043e\u0440\u043d\u043e\u0441\u0442 - Arian Imeri -","robots":{"index":"index","follow":"follow","max-snippet":"max-snippet:-1","max-image-preview":"max-image-preview:large","max-video-preview":"max-video-preview:-1"},"canonical":"https:\/\/arianimeri.mk\/sq\/\u043f\u043e\u043b\u0438\u0442\u0438\u043a\u0430-\u0437\u0430-\u043e\u0434\u0433\u043e\u0432\u043e\u0440\u043d\u043e\u0441\u0442\/","og_locale":"sq_AL","og_type":"article","og_title":"\u041f\u043e\u043b\u0438\u0442\u0438\u043a\u0430 \u0437\u0430 \u043e\u0434\u0433\u043e\u0432\u043e\u0440\u043d\u043e\u0441\u0442 - Arian Imeri","og_description":"\u041f\u043e\u043b\u0438\u0442\u0438\u043a\u0430 \u0437\u0430 \u043e\u0434\u0433\u043e\u0432\u043e\u0440\u043d\u043e\u0441\u0442 - Arian Imeri -","og_url":"https:\/\/arianimeri.mk\/sq\/\u043f\u043e\u043b\u0438\u0442\u0438\u043a\u0430-\u0437\u0430-\u043e\u0434\u0433\u043e\u0432\u043e\u0440\u043d\u043e\u0441\u0442\/","og_site_name":"Arian Imeri","article_publisher":"https:\/\/www.facebook.com\/p\/Zyr-Avokatie-Arian-IMERI-100077579821993\/","article_modified_time":"2026-03-02T14:41:42+00:00","og_image":[{"width":512,"height":512,"url":"https:\/\/arianimeri.mk\/wp-content\/uploads\/2026\/02\/cropped-Arian-Imeri-Sq-1.png","type":"image\/png"}],"twitter_card":"summary_large_image","twitter_misc":{"Est. reading time":"2 minuta"},"schema":{"@context":"https:\/\/schema.org","@graph":[{"@type":"WebPage","@id":"https:\/\/arianimeri.mk\/%d0%bf%d0%be%d0%bb%d0%b8%d1%82%d0%b8%d0%ba%d0%b0-%d0%b7%d0%b0-%d0%be%d0%b4%d0%b3%d0%be%d0%b2%d0%be%d1%80%d0%bd%d0%be%d1%81%d1%82\/","url":"https:\/\/arianimeri.mk\/%d0%bf%d0%be%d0%bb%d0%b8%d1%82%d0%b8%d0%ba%d0%b0-%d0%b7%d0%b0-%d0%be%d0%b4%d0%b3%d0%be%d0%b2%d0%be%d1%80%d0%bd%d0%be%d1%81%d1%82\/","name":"\u041f\u043e\u043b\u0438\u0442\u0438\u043a\u0430 \u0437\u0430 \u043e\u0434\u0433\u043e\u0432\u043e\u0440\u043d\u043e\u0441\u0442 - Arian Imeri","isPartOf":{"@id":"https:\/\/arianimeri.mk\/#website"},"datePublished":"2026-03-02T13:50:27+00:00","dateModified":"2026-03-02T14:41:42+00:00","description":"\u041f\u043e\u043b\u0438\u0442\u0438\u043a\u0430 \u0437\u0430 \u043e\u0434\u0433\u043e\u0432\u043e\u0440\u043d\u043e\u0441\u0442 - Arian Imeri -","breadcrumb":{"@id":"https:\/\/arianimeri.mk\/%d0%bf%d0%be%d0%bb%d0%b8%d1%82%d0%b8%d0%ba%d0%b0-%d0%b7%d0%b0-%d0%be%d0%b4%d0%b3%d0%be%d0%b2%d0%be%d1%80%d0%bd%d0%be%d1%81%d1%82\/#breadcrumb"},"inLanguage":"sq","potentialAction":[{"@type":"ReadAction","target":["https:\/\/arianimeri.mk\/%d0%bf%d0%be%d0%bb%d0%b8%d1%82%d0%b8%d0%ba%d0%b0-%d0%b7%d0%b0-%d0%be%d0%b4%d0%b3%d0%be%d0%b2%d0%be%d1%80%d0%bd%d0%be%d1%81%d1%82\/"]}]},{"@type":"BreadcrumbList","@id":"https:\/\/arianimeri.mk\/%d0%bf%d0%be%d0%bb%d0%b8%d1%82%d0%b8%d0%ba%d0%b0-%d0%b7%d0%b0-%d0%be%d0%b4%d0%b3%d0%be%d0%b2%d0%be%d1%80%d0%bd%d0%be%d1%81%d1%82\/#breadcrumb","itemListElement":[{"@type":"ListItem","position":1,"name":"Home","item":"https:\/\/arianimeri.mk\/"},{"@type":"ListItem","position":2,"name":"\u041f\u043e\u043b\u0438\u0442\u0438\u043a\u0430 \u0437\u0430 \u043e\u0434\u0433\u043e\u0432\u043e\u0440\u043d\u043e\u0441\u0442"}]},{"@type":"WebSite","@id":"https:\/\/arianimeri.mk\/#website","url":"https:\/\/arianimeri.mk\/","name":"\u0410\u0440\u0438\u0430\u043d \u0418\u043c\u0435\u0440\u0438 | Arian Imeri","description":"Zyra Advokatska Arian Imeri","publisher":{"@id":"https:\/\/arianimeri.mk\/#organization"},"alternateName":"\u0410\u0440\u0438\u0430\u043d \u0418\u043c\u0435\u0440\u0438","potentialAction":[{"@type":"SearchAction","target":{"@type":"EntryPoint","urlTemplate":"https:\/\/arianimeri.mk\/?s={search_term_string}"},"query-input":{"@type":"PropertyValueSpecification","valueRequired":true,"valueName":"search_term_string"}}],"inLanguage":"sq"},{"@type":"Organization","@id":"https:\/\/arianimeri.mk\/#organization","name":"Zyr\u00eb Avokatie Arian IMERI","alternateName":"\u041d\u0430\u0458\u0434\u043e\u0431\u0440\u0430 \u043f\u0440\u0430\u0432\u043d\u0430 \u043f\u043e\u0434\u0434\u0440\u0448\u043a\u0430 \u0437\u0430 \u0432\u0430\u0441","url":"https:\/\/arianimeri.mk\/","logo":{"@type":"ImageObject","inLanguage":"sq","@id":"https:\/\/arianimeri.mk\/#\/schema\/logo\/image\/","url":"https:\/\/arianimeri.mk\/wp-content\/uploads\/2026\/02\/cropped-Arian-Imeri-Sq-1.png","contentUrl":"https:\/\/arianimeri.mk\/wp-content\/uploads\/2026\/02\/cropped-Arian-Imeri-Sq-1.png","width":512,"height":512,"caption":"\u0410\u0434\u0432\u043e\u043a\u0430\u0442\u0441\u043a\u0430 \u043a\u0430\u043d\u0446\u0430\u043b\u0430\u0440\u0438\u0458\u0430 \u0410\u0440\u0438\u0458\u0430\u043d \u0418\u043c\u0435\u0440\u0438"},"image":{"@id":"https:\/\/arianimeri.mk\/#\/schema\/logo\/image\/"},"sameAs":["https:\/\/www.facebook.com\/p\/Zyr-Avokatie-Arian-IMERI-100077579821993\/"]}]}},"_links":{"self":[{"href":"https:\/\/arianimeri.mk\/sq\/wp-json\/wp\/v2\/pages\/77125","targetHints":{"allow":["GET"]}}],"collection":[{"href":"https:\/\/arianimeri.mk\/sq\/wp-json\/wp\/v2\/pages"}],"about":[{"href":"https:\/\/arianimeri.mk\/sq\/wp-json\/wp\/v2\/types\/page"}],"author":[{"embeddable":true,"href":"https:\/\/arianimeri.mk\/sq\/wp-json\/wp\/v2\/users\/1"}],"replies":[{"embeddable":true,"href":"https:\/\/arianimeri.mk\/sq\/wp-json\/wp\/v2\/comments?post=77125"}],"version-history":[{"count":4,"href":"https:\/\/arianimeri.mk\/sq\/wp-json\/wp\/v2\/pages\/77125\/revisions"}],"predecessor-version":[{"id":77136,"href":"https:\/\/arianimeri.mk\/sq\/wp-json\/wp\/v2\/pages\/77125\/revisions\/77136"}],"wp:attachment":[{"href":"https:\/\/arianimeri.mk\/sq\/wp-json\/wp\/v2\/media?parent=77125"}],"curies":[{"name":"wp","href":"https:\/\/api.w.org\/{rel}","templated":true}]}}