{"id":77123,"date":"2026-03-02T13:32:41","date_gmt":"2026-03-02T13:32:41","guid":{"rendered":"https:\/\/arianimeri.mk\/?page_id=77123"},"modified":"2026-03-02T14:41:20","modified_gmt":"2026-03-02T14:41:20","slug":"%d0%bf%d0%be%d0%bb%d0%b8%d1%82%d0%b8%d0%ba%d0%b0-%d0%b7%d0%b0-%d0%bf%d1%80%d0%b8%d0%b2%d0%b0%d1%82%d0%bd%d0%be%d1%81%d1%82","status":"publish","type":"page","link":"https:\/\/arianimeri.mk\/sq\/%d0%bf%d0%be%d0%bb%d0%b8%d1%82%d0%b8%d0%ba%d0%b0-%d0%b7%d0%b0-%d0%bf%d1%80%d0%b8%d0%b2%d0%b0%d1%82%d0%bd%d0%be%d1%81%d1%82\/","title":{"rendered":"Politika e Privat\u00ebsis\u00eb"},"content":{"rendered":"<p>Kjo Politik\u00eb Privat\u00ebsie shpjegon se si faqja e internetit <strong>arianimeri.mk<\/strong> mbledh, p\u00ebrdor dhe mbron t\u00eb dh\u00ebnat personale t\u00eb vizitor\u00ebve, n\u00eb p\u00ebrputhje me rregulloret ligjore n\u00eb fuqi p\u00ebr mbrojtjen e t\u00eb dh\u00ebnave personale.<\/p>\n\n\n\n<p>\u0421\u043e \u043a\u043e\u0440\u0438\u0441\u0442\u0435\u045a\u0435 \u043d\u0430 \u043e\u0432\u0430\u0430 \u0432\u0435\u0431-\u0441\u0442\u0440\u0430\u043d\u0438\u0446\u0430, \u0412\u0438\u0435 \u0441\u0435 \u0441\u043e\u0433\u043b\u0430\u0441\u0443\u0432\u0430\u0442\u0435 \u0441\u043e \u0443\u0441\u043b\u043e\u0432\u0438\u0442\u0435 \u043d\u0430\u0432\u0435\u0434\u0435\u043d\u0438 \u0432\u043e \u043e\u0432\u0430\u0430 \u043f\u043e\u043b\u0438\u0442\u0438\u043a\u0430.<\/p>\n\n\n\n<hr class=\"wp-block-separator has-alpha-channel-opacity\"\/>\n\n\n\n<h3 class=\"wp-block-heading\">1. Kush \u00ebsht\u00eb kontrolluesi i t\u00eb dh\u00ebnave?<\/h3>\n\n\n\n<p>Kontrolluesi i t\u00eb dh\u00ebnave personale \u00ebsht\u00eb:<\/p>\n\n\n\n<p><strong>arianimeri.mk<\/strong><br>(firm\u00eb ligjore)<\/p>\n\n\n\n<p>P\u00ebr t\u00eb gjitha pyetjet q\u00eb lidhen me privat\u00ebsin\u00eb dhe p\u00ebrpunimin e t\u00eb dh\u00ebnave, mund t\u00eb na kontaktoni p\u00ebrmes formularit t\u00eb kontaktit q\u00eb gjendet n\u00eb faqen e internetit.<\/p>\n\n\n\n<hr class=\"wp-block-separator has-alpha-channel-opacity\"\/>\n\n\n\n<h3 class=\"wp-block-heading\">2. \u00c7far\u00eb t\u00eb dh\u00ebnash mbledhim?<\/h3>\n\n\n\n<p>Gjat\u00eb p\u00ebrdorimit t\u00eb faqes s\u00eb internetit, mund t\u00eb mblidhen t\u00eb dh\u00ebnat e m\u00ebposhtme:<\/p>\n\n\n\n<ul class=\"wp-block-list\">\n<li>emri dhe mbiemri (n\u00ebse \u00ebsht\u00eb futur n\u00eb formularin e kontaktit);<\/li>\n\n\n\n<li>email<\/li>\n\n\n\n<li>numri i telefonit (n\u00ebse jepet vullnetarisht);<\/li>\n\n\n\n<li>p\u00ebrmbajtja e nj\u00eb mesazhi t\u00eb d\u00ebrguar n\u00ebp\u00ebrmjet formularit t\u00eb kontaktit;<\/li>\n\n\n\n<li>t\u00eb dh\u00ebna teknike (adresa IP, lloji i pajisjes, shfletuesi);<\/li>\n\n\n\n<li>t\u00eb dh\u00ebna statistikore mbi p\u00ebrdorimin e faqes.<\/li>\n<\/ul>\n\n\n\n<p>Ne nuk mbledhim t\u00eb dh\u00ebna personale t\u00eb ndjeshme, p\u00ebrve\u00e7 n\u00ebse ato ofrohen vullnetarisht nga p\u00ebrdoruesi.<\/p>\n\n\n\n<hr class=\"wp-block-separator has-alpha-channel-opacity\"\/>\n\n\n\n<h3 class=\"wp-block-heading\">3. Q\u00ebllimi i p\u00ebrpunimit t\u00eb t\u00eb dh\u00ebnave<\/h3>\n\n\n\n<p>T\u00eb dh\u00ebnat tuaja p\u00ebrpunohen p\u00ebr q\u00ebllimin e:<\/p>\n\n\n\n<ul class=\"wp-block-list\">\n<li>duke iu p\u00ebrgjigjur pyetjeve dhe k\u00ebrkesave t\u00eb d\u00ebrguara p\u00ebrmes faqes s\u00eb internetit;<\/li>\n\n\n\n<li>ofrimi i informacionit ligjor dhe komunikimi me klient\u00ebt;<\/li>\n\n\n\n<li>p\u00ebrmir\u00ebsimi i funksionalitetit dhe siguris\u00eb s\u00eb faqes s\u00eb internetit;<\/li>\n\n\n\n<li>analiza e trafikut dhe p\u00ebrdorimit t\u00eb faqes s\u00eb internetit.<\/li>\n<\/ul>\n\n\n\n<hr class=\"wp-block-separator has-alpha-channel-opacity\"\/>\n\n\n\n<h3 class=\"wp-block-heading\">4. Baza ligjore p\u00ebr p\u00ebrpunimin<\/h3>\n\n\n\n<p>4. Baza ligjore p\u00ebr p\u00ebrpunimin<\/p>\n\n\n\n<ul class=\"wp-block-list\">\n<li>P\u00eblqimi juaj kur plot\u00ebsoni nj\u00eb formular kontakti;<\/li>\n\n\n\n<li>interes legjitim n\u00eb funksionimin dhe sigurin\u00eb e faqes s\u00eb internetit;<\/li>\n\n\n\n<li>p\u00ebrmbushjen e detyrimeve ligjore, kur \u00ebsht\u00eb e aplikueshme.<\/li>\n<\/ul>\n\n\n\n<hr class=\"wp-block-separator has-alpha-channel-opacity\"\/>\n\n\n\n<h3 class=\"wp-block-heading\">5. Ndarja e t\u00eb dh\u00ebnave me pal\u00eb t\u00eb treta<\/h3>\n\n\n\n<p>T\u00eb dh\u00ebnat personale nuk shiten, jepen me qira ose ndahen me pal\u00eb t\u00eb treta, p\u00ebrve\u00e7:<\/p>\n\n\n\n<ul class=\"wp-block-list\">\n<li>kur k\u00ebrkohet me ligj;<\/li>\n\n\n\n<li>me ofrues teknik\u00eb q\u00eb ofrojn\u00eb strehim dhe mir\u00ebmbajtje t\u00eb faqes;<\/li>\n\n\n\n<li>p\u00ebrmes mjeteve analitike si Google Analytics, ku t\u00eb dh\u00ebnat p\u00ebrpunohen n\u00eb form\u00eb anonime.<\/li>\n<\/ul>\n\n\n\n<hr class=\"wp-block-separator has-alpha-channel-opacity\"\/>\n\n\n\n<h3 class=\"wp-block-heading\">6. Kukit\u00eb<\/h3>\n\n\n\n<p>Uebsajti p\u00ebrdor cookies p\u00ebr t\u00eb p\u00ebrmir\u00ebsuar p\u00ebrvoj\u00ebn e p\u00ebrdoruesit dhe p\u00ebr t\u00eb analizuar trafikun. M\u00eb shum\u00eb informacion mund t\u00eb gjendet n\u00eb <strong>\u041f\u043e\u043b\u0438\u0442\u0438\u043a\u0430\u0442\u0430 \u0437\u0430 \u043a\u043e\u043b\u0430\u0447\u0438\u045a\u0430<\/strong> t\u00eb disponueshme n\u00eb faqe.<\/p>\n\n\n\n<hr class=\"wp-block-separator has-alpha-channel-opacity\"\/>\n\n\n\n<h3 class=\"wp-block-heading\">7. Siguria e t\u00eb dh\u00ebnave<\/h3>\n\n\n\n<p>Ne marrim masa t\u00eb p\u00ebrshtatshme teknike dhe organizative p\u00ebr t\u00eb mbrojtur t\u00eb dh\u00ebnat personale nga qasja, humbja, keqp\u00ebrdorimi ose ndryshimi i paautorizuar.<\/p>\n\n\n\n<hr class=\"wp-block-separator has-alpha-channel-opacity\"\/>\n\n\n\n<h3 class=\"wp-block-heading\">8. Periudha e ruajtjes s\u00eb t\u00eb dh\u00ebnave<\/h3>\n\n\n\n<p>T\u00eb dh\u00ebnat personale mbahen vet\u00ebm p\u00ebr aq koh\u00eb sa \u00ebsht\u00eb e nevojshme p\u00ebr t\u00eb p\u00ebrmbushur q\u00ebllimet p\u00ebr t\u00eb cilat jan\u00eb mbledhur ose n\u00eb p\u00ebrputhje me detyrimet ligjore.<\/p>\n\n\n\n<p><\/p>\n\n\n\n<p><\/p>\n\n\n\n<p><\/p>","protected":false},"excerpt":{"rendered":"<p>\u041e\u0432\u0430\u0430 \u041f\u043e\u043b\u0438\u0442\u0438\u043a\u0430 \u0437\u0430 \u043f\u0440\u0438\u0432\u0430\u0442\u043d\u043e\u0441\u0442 \u043e\u0431\u0458\u0430\u0441\u043d\u0443\u0432\u0430 \u043a\u0430\u043a\u043e \u0432\u0435\u0431-\u0441\u0442\u0440\u0430\u043d\u0438\u0446\u0430\u0442\u0430 arianimeri.mk \u0433\u0438 \u0441\u043e\u0431\u0438\u0440\u0430, \u043a\u043e\u0440\u0438\u0441\u0442\u0438 \u0438 \u0448\u0442\u0438\u0442\u0438 \u043b\u0438\u0447\u043d\u0438\u0442\u0435 \u043f\u043e\u0434\u0430\u0442\u043e\u0446\u0438 \u043d\u0430 \u043f\u043e\u0441\u0435\u0442\u0438\u0442\u0435\u043b\u0438\u0442\u0435, \u0432\u043e \u0441\u043e\u0433\u043b\u0430\u0441\u043d\u043e\u0441\u0442 \u0441\u043e \u0432\u0430\u0436\u0435\u0447\u043a\u0438\u0442\u0435 \u0437\u0430\u043a\u043e\u043d\u0441\u043a\u0438 \u043f\u0440\u043e\u043f\u0438\u0441\u0438 \u0437\u0430 \u0437\u0430\u0448\u0442\u0438\u0442\u0430 \u043d\u0430 \u043b\u0438\u0447\u043d\u0438\u0442\u0435 \u043f\u043e\u0434\u0430\u0442\u043e\u0446\u0438. \u0421\u043e \u043a\u043e\u0440\u0438\u0441\u0442\u0435\u045a\u0435 \u043d\u0430 \u043e\u0432\u0430\u0430 \u0432\u0435\u0431-\u0441\u0442\u0440\u0430\u043d\u0438\u0446\u0430, \u0412\u0438\u0435 \u0441\u0435 \u0441\u043e\u0433\u043b\u0430\u0441\u0443\u0432\u0430\u0442\u0435 \u0441\u043e \u0443\u0441\u043b\u043e\u0432\u0438\u0442\u0435 \u043d\u0430\u0432\u0435\u0434\u0435\u043d\u0438 \u0432\u043e \u043e\u0432\u0430\u0430 \u043f\u043e\u043b\u0438\u0442\u0438\u043a\u0430. 1. \u041a\u043e\u0458 \u0435 \u043a\u043e\u043d\u0442\u0440\u043e\u043b\u043e\u0440 \u043d\u0430 \u043f\u043e\u0434\u0430\u0442\u043e\u0446\u0438\u0442\u0435? \u041a\u043e\u043d\u0442\u0440\u043e\u043b\u043e\u0440 \u043d\u0430 \u043b\u0438\u0447\u043d\u0438\u0442\u0435 \u043f\u043e\u0434\u0430\u0442\u043e\u0446\u0438 \u0435: arianimeri.mk(\u0430\u0434\u0432\u043e\u043a\u0430\u0442\u0441\u043a\u0430 \u043a\u0430\u043d\u0446\u0435\u043b\u0430\u0440\u0438\u0458\u0430) [&hellip;]<\/p>\n","protected":false},"author":1,"featured_media":0,"parent":0,"menu_order":0,"comment_status":"closed","ping_status":"closed","template":"","meta":{"_et_pb_use_builder":"off","_et_pb_old_content":"","_et_gb_content_width":"1080","footnotes":""},"class_list":["post-77123","page","type-page","status-publish","hentry"],"yoast_head":"<!-- This site is optimized with the Yoast SEO plugin v27.1.1 - https:\/\/yoast.com\/product\/yoast-seo-wordpress\/ -->\n<title>\u041f\u043e\u043b\u0438\u0442\u0438\u043a\u0430 \u0437\u0430 \u043f\u0440\u0438\u0432\u0430\u0442\u043d\u043e\u0441\u0442 - Arian Imeri<\/title>\n<meta name=\"description\" content=\"\u041f\u043e\u043b\u0438\u0442\u0438\u043a\u0430 \u0437\u0430 \u043f\u0440\u0438\u0432\u0430\u0442\u043d\u043e\u0441\u0442 - Arian Imeri -\" \/>\n<meta name=\"robots\" content=\"index, follow, max-snippet:-1, max-image-preview:large, max-video-preview:-1\" \/>\n<link rel=\"canonical\" href=\"https:\/\/arianimeri.mk\/sq\/\u043f\u043e\u043b\u0438\u0442\u0438\u043a\u0430-\u0437\u0430-\u043f\u0440\u0438\u0432\u0430\u0442\u043d\u043e\u0441\u0442\/\" \/>\n<meta property=\"og:locale\" content=\"sq_AL\" \/>\n<meta property=\"og:type\" content=\"article\" \/>\n<meta property=\"og:title\" content=\"\u041f\u043e\u043b\u0438\u0442\u0438\u043a\u0430 \u0437\u0430 \u043f\u0440\u0438\u0432\u0430\u0442\u043d\u043e\u0441\u0442 - Arian Imeri\" \/>\n<meta property=\"og:description\" content=\"\u041f\u043e\u043b\u0438\u0442\u0438\u043a\u0430 \u0437\u0430 \u043f\u0440\u0438\u0432\u0430\u0442\u043d\u043e\u0441\u0442 - Arian Imeri -\" \/>\n<meta property=\"og:url\" content=\"https:\/\/arianimeri.mk\/sq\/\u043f\u043e\u043b\u0438\u0442\u0438\u043a\u0430-\u0437\u0430-\u043f\u0440\u0438\u0432\u0430\u0442\u043d\u043e\u0441\u0442\/\" \/>\n<meta property=\"og:site_name\" content=\"Arian Imeri\" \/>\n<meta property=\"article:publisher\" content=\"https:\/\/www.facebook.com\/p\/Zyr-Avokatie-Arian-IMERI-100077579821993\/\" \/>\n<meta property=\"article:modified_time\" content=\"2026-03-02T14:41:20+00:00\" \/>\n<meta property=\"og:image\" content=\"https:\/\/arianimeri.mk\/wp-content\/uploads\/2026\/02\/cropped-Arian-Imeri-Sq-1.png\" \/>\n\t<meta property=\"og:image:width\" content=\"512\" \/>\n\t<meta property=\"og:image:height\" content=\"512\" \/>\n\t<meta property=\"og:image:type\" content=\"image\/png\" \/>\n<meta name=\"twitter:card\" content=\"summary_large_image\" \/>\n<script type=\"application\/ld+json\" class=\"yoast-schema-graph\">{\"@context\":\"https:\/\/schema.org\",\"@graph\":[{\"@type\":\"WebPage\",\"@id\":\"https:\/\/arianimeri.mk\/%d0%bf%d0%be%d0%bb%d0%b8%d1%82%d0%b8%d0%ba%d0%b0-%d0%b7%d0%b0-%d0%bf%d1%80%d0%b8%d0%b2%d0%b0%d1%82%d0%bd%d0%be%d1%81%d1%82\/\",\"url\":\"https:\/\/arianimeri.mk\/%d0%bf%d0%be%d0%bb%d0%b8%d1%82%d0%b8%d0%ba%d0%b0-%d0%b7%d0%b0-%d0%bf%d1%80%d0%b8%d0%b2%d0%b0%d1%82%d0%bd%d0%be%d1%81%d1%82\/\",\"name\":\"\u041f\u043e\u043b\u0438\u0442\u0438\u043a\u0430 \u0437\u0430 \u043f\u0440\u0438\u0432\u0430\u0442\u043d\u043e\u0441\u0442 - Arian Imeri\",\"isPartOf\":{\"@id\":\"https:\/\/arianimeri.mk\/#website\"},\"datePublished\":\"2026-03-02T13:32:41+00:00\",\"dateModified\":\"2026-03-02T14:41:20+00:00\",\"description\":\"\u041f\u043e\u043b\u0438\u0442\u0438\u043a\u0430 \u0437\u0430 \u043f\u0440\u0438\u0432\u0430\u0442\u043d\u043e\u0441\u0442 - Arian Imeri -\",\"breadcrumb\":{\"@id\":\"https:\/\/arianimeri.mk\/%d0%bf%d0%be%d0%bb%d0%b8%d1%82%d0%b8%d0%ba%d0%b0-%d0%b7%d0%b0-%d0%bf%d1%80%d0%b8%d0%b2%d0%b0%d1%82%d0%bd%d0%be%d1%81%d1%82\/#breadcrumb\"},\"inLanguage\":\"sq\",\"potentialAction\":[{\"@type\":\"ReadAction\",\"target\":[\"https:\/\/arianimeri.mk\/%d0%bf%d0%be%d0%bb%d0%b8%d1%82%d0%b8%d0%ba%d0%b0-%d0%b7%d0%b0-%d0%bf%d1%80%d0%b8%d0%b2%d0%b0%d1%82%d0%bd%d0%be%d1%81%d1%82\/\"]}]},{\"@type\":\"BreadcrumbList\",\"@id\":\"https:\/\/arianimeri.mk\/%d0%bf%d0%be%d0%bb%d0%b8%d1%82%d0%b8%d0%ba%d0%b0-%d0%b7%d0%b0-%d0%bf%d1%80%d0%b8%d0%b2%d0%b0%d1%82%d0%bd%d0%be%d1%81%d1%82\/#breadcrumb\",\"itemListElement\":[{\"@type\":\"ListItem\",\"position\":1,\"name\":\"Home\",\"item\":\"https:\/\/arianimeri.mk\/\"},{\"@type\":\"ListItem\",\"position\":2,\"name\":\"\u041f\u043e\u043b\u0438\u0442\u0438\u043a\u0430 \u0437\u0430 \u043f\u0440\u0438\u0432\u0430\u0442\u043d\u043e\u0441\u0442\"}]},{\"@type\":\"WebSite\",\"@id\":\"https:\/\/arianimeri.mk\/#website\",\"url\":\"https:\/\/arianimeri.mk\/\",\"name\":\"\u0410\u0440\u0438\u0430\u043d \u0418\u043c\u0435\u0440\u0438 | Arian Imeri\",\"description\":\"\u0410\u0434\u0432\u043e\u043a\u0430\u0442\u0441\u043a\u0430 \u043a\u0430\u043d\u0446\u0430\u043b\u0430\u0440\u0438\u0458\u0430 \u0410\u0440\u0438\u0430\u043d \u0418\u043c\u0435\u0440\u0438\",\"publisher\":{\"@id\":\"https:\/\/arianimeri.mk\/#organization\"},\"alternateName\":\"\u0410\u0440\u0438\u0430\u043d \u0418\u043c\u0435\u0440\u0438\",\"potentialAction\":[{\"@type\":\"SearchAction\",\"target\":{\"@type\":\"EntryPoint\",\"urlTemplate\":\"https:\/\/arianimeri.mk\/?s={search_term_string}\"},\"query-input\":{\"@type\":\"PropertyValueSpecification\",\"valueRequired\":true,\"valueName\":\"search_term_string\"}}],\"inLanguage\":\"sq\"},{\"@type\":\"Organization\",\"@id\":\"https:\/\/arianimeri.mk\/#organization\",\"name\":\"\u0410\u0434\u0432\u043e\u043a\u0430\u0442\u0441\u043a\u0430 \u043a\u0430\u043d\u0446\u0430\u043b\u0430\u0440\u0438\u0458\u0430 \u0410\u0440\u0438\u0458\u0430\u043d \u0418\u043c\u0435\u0440\u0438\",\"alternateName\":\"\u041d\u0430\u0458\u0434\u043e\u0431\u0440\u0430 \u043f\u0440\u0430\u0432\u043d\u0430 \u043f\u043e\u0434\u0434\u0440\u0448\u043a\u0430 \u0437\u0430 \u0432\u0430\u0441\",\"url\":\"https:\/\/arianimeri.mk\/\",\"logo\":{\"@type\":\"ImageObject\",\"inLanguage\":\"sq\",\"@id\":\"https:\/\/arianimeri.mk\/#\/schema\/logo\/image\/\",\"url\":\"https:\/\/arianimeri.mk\/wp-content\/uploads\/2026\/02\/cropped-Arian-Imeri-Sq-1.png\",\"contentUrl\":\"https:\/\/arianimeri.mk\/wp-content\/uploads\/2026\/02\/cropped-Arian-Imeri-Sq-1.png\",\"width\":512,\"height\":512,\"caption\":\"\u0410\u0434\u0432\u043e\u043a\u0430\u0442\u0441\u043a\u0430 \u043a\u0430\u043d\u0446\u0430\u043b\u0430\u0440\u0438\u0458\u0430 \u0410\u0440\u0438\u0458\u0430\u043d \u0418\u043c\u0435\u0440\u0438\"},\"image\":{\"@id\":\"https:\/\/arianimeri.mk\/#\/schema\/logo\/image\/\"},\"sameAs\":[\"https:\/\/www.facebook.com\/p\/Zyr-Avokatie-Arian-IMERI-100077579821993\/\"]}]}<\/script>\n<!-- \/ Yoast SEO plugin. -->","yoast_head_json":{"title":"\u041f\u043e\u043b\u0438\u0442\u0438\u043a\u0430 \u0437\u0430 \u043f\u0440\u0438\u0432\u0430\u0442\u043d\u043e\u0441\u0442 - Arian Imeri","description":"\u041f\u043e\u043b\u0438\u0442\u0438\u043a\u0430 \u0437\u0430 \u043f\u0440\u0438\u0432\u0430\u0442\u043d\u043e\u0441\u0442 - Arian Imeri -","robots":{"index":"index","follow":"follow","max-snippet":"max-snippet:-1","max-image-preview":"max-image-preview:large","max-video-preview":"max-video-preview:-1"},"canonical":"https:\/\/arianimeri.mk\/sq\/\u043f\u043e\u043b\u0438\u0442\u0438\u043a\u0430-\u0437\u0430-\u043f\u0440\u0438\u0432\u0430\u0442\u043d\u043e\u0441\u0442\/","og_locale":"sq_AL","og_type":"article","og_title":"\u041f\u043e\u043b\u0438\u0442\u0438\u043a\u0430 \u0437\u0430 \u043f\u0440\u0438\u0432\u0430\u0442\u043d\u043e\u0441\u0442 - Arian Imeri","og_description":"\u041f\u043e\u043b\u0438\u0442\u0438\u043a\u0430 \u0437\u0430 \u043f\u0440\u0438\u0432\u0430\u0442\u043d\u043e\u0441\u0442 - Arian Imeri -","og_url":"https:\/\/arianimeri.mk\/sq\/\u043f\u043e\u043b\u0438\u0442\u0438\u043a\u0430-\u0437\u0430-\u043f\u0440\u0438\u0432\u0430\u0442\u043d\u043e\u0441\u0442\/","og_site_name":"Arian Imeri","article_publisher":"https:\/\/www.facebook.com\/p\/Zyr-Avokatie-Arian-IMERI-100077579821993\/","article_modified_time":"2026-03-02T14:41:20+00:00","og_image":[{"width":512,"height":512,"url":"https:\/\/arianimeri.mk\/wp-content\/uploads\/2026\/02\/cropped-Arian-Imeri-Sq-1.png","type":"image\/png"}],"twitter_card":"summary_large_image","schema":{"@context":"https:\/\/schema.org","@graph":[{"@type":"WebPage","@id":"https:\/\/arianimeri.mk\/%d0%bf%d0%be%d0%bb%d0%b8%d1%82%d0%b8%d0%ba%d0%b0-%d0%b7%d0%b0-%d0%bf%d1%80%d0%b8%d0%b2%d0%b0%d1%82%d0%bd%d0%be%d1%81%d1%82\/","url":"https:\/\/arianimeri.mk\/%d0%bf%d0%be%d0%bb%d0%b8%d1%82%d0%b8%d0%ba%d0%b0-%d0%b7%d0%b0-%d0%bf%d1%80%d0%b8%d0%b2%d0%b0%d1%82%d0%bd%d0%be%d1%81%d1%82\/","name":"\u041f\u043e\u043b\u0438\u0442\u0438\u043a\u0430 \u0437\u0430 \u043f\u0440\u0438\u0432\u0430\u0442\u043d\u043e\u0441\u0442 - Arian Imeri","isPartOf":{"@id":"https:\/\/arianimeri.mk\/#website"},"datePublished":"2026-03-02T13:32:41+00:00","dateModified":"2026-03-02T14:41:20+00:00","description":"\u041f\u043e\u043b\u0438\u0442\u0438\u043a\u0430 \u0437\u0430 \u043f\u0440\u0438\u0432\u0430\u0442\u043d\u043e\u0441\u0442 - Arian Imeri -","breadcrumb":{"@id":"https:\/\/arianimeri.mk\/%d0%bf%d0%be%d0%bb%d0%b8%d1%82%d0%b8%d0%ba%d0%b0-%d0%b7%d0%b0-%d0%bf%d1%80%d0%b8%d0%b2%d0%b0%d1%82%d0%bd%d0%be%d1%81%d1%82\/#breadcrumb"},"inLanguage":"sq","potentialAction":[{"@type":"ReadAction","target":["https:\/\/arianimeri.mk\/%d0%bf%d0%be%d0%bb%d0%b8%d1%82%d0%b8%d0%ba%d0%b0-%d0%b7%d0%b0-%d0%bf%d1%80%d0%b8%d0%b2%d0%b0%d1%82%d0%bd%d0%be%d1%81%d1%82\/"]}]},{"@type":"BreadcrumbList","@id":"https:\/\/arianimeri.mk\/%d0%bf%d0%be%d0%bb%d0%b8%d1%82%d0%b8%d0%ba%d0%b0-%d0%b7%d0%b0-%d0%bf%d1%80%d0%b8%d0%b2%d0%b0%d1%82%d0%bd%d0%be%d1%81%d1%82\/#breadcrumb","itemListElement":[{"@type":"ListItem","position":1,"name":"Home","item":"https:\/\/arianimeri.mk\/"},{"@type":"ListItem","position":2,"name":"\u041f\u043e\u043b\u0438\u0442\u0438\u043a\u0430 \u0437\u0430 \u043f\u0440\u0438\u0432\u0430\u0442\u043d\u043e\u0441\u0442"}]},{"@type":"WebSite","@id":"https:\/\/arianimeri.mk\/#website","url":"https:\/\/arianimeri.mk\/","name":"\u0410\u0440\u0438\u0430\u043d \u0418\u043c\u0435\u0440\u0438 | Arian Imeri","description":"Zyra Advokatska Arian Imeri","publisher":{"@id":"https:\/\/arianimeri.mk\/#organization"},"alternateName":"\u0410\u0440\u0438\u0430\u043d \u0418\u043c\u0435\u0440\u0438","potentialAction":[{"@type":"SearchAction","target":{"@type":"EntryPoint","urlTemplate":"https:\/\/arianimeri.mk\/?s={search_term_string}"},"query-input":{"@type":"PropertyValueSpecification","valueRequired":true,"valueName":"search_term_string"}}],"inLanguage":"sq"},{"@type":"Organization","@id":"https:\/\/arianimeri.mk\/#organization","name":"Zyr\u00eb Avokatie Arian IMERI","alternateName":"\u041d\u0430\u0458\u0434\u043e\u0431\u0440\u0430 \u043f\u0440\u0430\u0432\u043d\u0430 \u043f\u043e\u0434\u0434\u0440\u0448\u043a\u0430 \u0437\u0430 \u0432\u0430\u0441","url":"https:\/\/arianimeri.mk\/","logo":{"@type":"ImageObject","inLanguage":"sq","@id":"https:\/\/arianimeri.mk\/#\/schema\/logo\/image\/","url":"https:\/\/arianimeri.mk\/wp-content\/uploads\/2026\/02\/cropped-Arian-Imeri-Sq-1.png","contentUrl":"https:\/\/arianimeri.mk\/wp-content\/uploads\/2026\/02\/cropped-Arian-Imeri-Sq-1.png","width":512,"height":512,"caption":"\u0410\u0434\u0432\u043e\u043a\u0430\u0442\u0441\u043a\u0430 \u043a\u0430\u043d\u0446\u0430\u043b\u0430\u0440\u0438\u0458\u0430 \u0410\u0440\u0438\u0458\u0430\u043d \u0418\u043c\u0435\u0440\u0438"},"image":{"@id":"https:\/\/arianimeri.mk\/#\/schema\/logo\/image\/"},"sameAs":["https:\/\/www.facebook.com\/p\/Zyr-Avokatie-Arian-IMERI-100077579821993\/"]}]}},"_links":{"self":[{"href":"https:\/\/arianimeri.mk\/sq\/wp-json\/wp\/v2\/pages\/77123","targetHints":{"allow":["GET"]}}],"collection":[{"href":"https:\/\/arianimeri.mk\/sq\/wp-json\/wp\/v2\/pages"}],"about":[{"href":"https:\/\/arianimeri.mk\/sq\/wp-json\/wp\/v2\/types\/page"}],"author":[{"embeddable":true,"href":"https:\/\/arianimeri.mk\/sq\/wp-json\/wp\/v2\/users\/1"}],"replies":[{"embeddable":true,"href":"https:\/\/arianimeri.mk\/sq\/wp-json\/wp\/v2\/comments?post=77123"}],"version-history":[{"count":2,"href":"https:\/\/arianimeri.mk\/sq\/wp-json\/wp\/v2\/pages\/77123\/revisions"}],"predecessor-version":[{"id":77134,"href":"https:\/\/arianimeri.mk\/sq\/wp-json\/wp\/v2\/pages\/77123\/revisions\/77134"}],"wp:attachment":[{"href":"https:\/\/arianimeri.mk\/sq\/wp-json\/wp\/v2\/media?parent=77123"}],"curies":[{"name":"wp","href":"https:\/\/api.w.org\/{rel}","templated":true}]}}