{"id":3,"date":"2026-02-10T11:51:09","date_gmt":"2026-02-10T11:51:09","guid":{"rendered":"http:\/\/arianimeri.mk\/?page_id=3"},"modified":"2026-03-02T14:27:05","modified_gmt":"2026-03-02T14:27:05","slug":"privacy-policy","status":"publish","type":"page","link":"https:\/\/arianimeri.mk\/sq\/privacy-policy\/","title":{"rendered":"Politika e cookie-ve"},"content":{"rendered":"<p><\/p>\n\n\n\n<p>Uebfaqja <strong>arianimeri.mk<\/strong> p\u00ebrdor \"cookies\" p\u00ebr t\u00eb siguruar funksionimin e duhur t\u00eb faqes, nj\u00eb p\u00ebrvoj\u00eb m\u00eb t\u00eb mir\u00eb p\u00ebrdoruesi dhe analiz\u00eb t\u00eb trafikut. Duke p\u00ebrdorur faqen e internetit, ju pranoni p\u00ebrdorimin e cookie-ve n\u00eb p\u00ebrputhje me k\u00ebt\u00eb politik\u00eb.<\/p>\n\n\n\n<p>\u0412\u043e \u0441\u043e\u0433\u043b\u0430\u0441\u043d\u043e\u0441\u0442 \u0441\u043e \u0432\u0430\u0436\u0435\u0447\u043a\u0438\u0442\u0435 \u043f\u0440\u043e\u043f\u0438\u0441\u0438 \u0438 \u0417\u0430\u043a\u043e\u043d\u043e\u0442 \u0437\u0430 \u0437\u0430\u0448\u0442\u0438\u0442\u0430 \u043d\u0430 \u043b\u0438\u0447\u043d\u0438\u0442\u0435 \u043f\u043e\u0434\u0430\u0442\u043e\u0446\u0438, \u0458\u0430 \u043f\u043e\u0447\u0438\u0442\u0443\u0432\u0430\u043c\u0435 \u0412\u0430\u0448\u0430\u0442\u0430 \u043f\u0440\u0438\u0432\u0430\u0442\u043d\u043e\u0441\u0442 \u0438 \u0441\u0435 \u0433\u0440\u0438\u0436\u0438\u043c\u0435 \u0437\u0430 \u0431\u0435\u0437\u0431\u0435\u0434\u043d\u043e\u0441\u0442\u0430 \u043d\u0430 \u0441\u0438\u0442\u0435 \u043f\u043e\u0434\u0430\u0442\u043e\u0446\u0438 \u0441\u043e\u0431\u0440\u0430\u043d\u0438 \u043f\u0440\u0438 \u043f\u043e\u0441\u0435\u0442\u0430\u0442\u0430.<\/p>\n\n\n\n<hr class=\"wp-block-separator has-alpha-channel-opacity\"\/>\n\n\n\n<h3 class=\"wp-block-heading\">\u00c7far\u00eb jan\u00eb \"cookies\"?<\/h3>\n\n\n\n<p>\"Cookies\" jan\u00eb skedar\u00eb t\u00eb vegj\u00ebl teksti q\u00eb nj\u00eb faqe interneti i ruan n\u00eb kompjuterin, telefonin celular ose pajisje t\u00eb tjera kur e vizitoni. Ato lejojn\u00eb:<\/p>\n\n\n\n<ul class=\"wp-block-list\">\n<li>duke kujtuar cil\u00ebsimet dhe preferencat tuaja;<\/li>\n\n\n\n<li>p\u00ebrmir\u00ebsimi i funksionalitetit t\u00eb faqes;<\/li>\n\n\n\n<li>p\u00ebrdorim m\u00eb i shpejt\u00eb dhe m\u00eb efikas gjat\u00eb vizit\u00ebs s\u00eb kthimit;<\/li>\n\n\n\n<li>analiza e p\u00ebrdorimit t\u00eb faqes s\u00eb internetit.<\/li>\n<\/ul>\n\n\n\n<hr class=\"wp-block-separator has-alpha-channel-opacity\"\/>\n\n\n\n<h3 class=\"wp-block-heading\">Llojet e cookie-ve q\u00eb p\u00ebrdorim<\/h3>\n\n\n\n<p><strong>1. Kuki t\u00eb pal\u00ebs s\u00eb par\u00eb<\/strong><br>Ngarkuar direkt nga arianimeri.mk dhe e nevojshme p\u00ebr funksionimin e duhur t\u00eb faqes s\u00eb internetit.<\/p>\n\n\n\n<p><strong>2. Kukit\u00eb e pal\u00ebve t\u00eb treta<\/strong><br>Caktuar nga sh\u00ebrbime t\u00eb jashtme q\u00eb ndihmojn\u00eb me analiz\u00ebn dhe sigurin\u00eb e faqes (shembull: Google Analytics).<\/p>\n\n\n\n<p><strong>3. Kukit\u00eb e p\u00ebrhershme<\/strong><br>Ato mbeten t\u00eb ruajtura n\u00eb pajisjen tuaj p\u00ebr nj\u00eb periudh\u00eb t\u00eb caktuar kohore ose derisa t'i fshini.<\/p>\n\n\n\n<p><strong>4. Kukit\u00eb e sesionit<\/strong><br>Ato fshihen automatikisht pas mbylljes s\u00eb shfletuesit t\u00eb internetit.<\/p>\n\n\n\n<hr class=\"wp-block-separator has-alpha-channel-opacity\"\/>\n\n\n\n<h3 class=\"wp-block-heading\">Si i p\u00ebrdorim cookies?<\/h3>\n\n\n\n<p>Kukit\u00eb p\u00ebrdoren p\u00ebr:<\/p>\n\n\n\n<ul class=\"wp-block-list\">\n<li>funksionimin teknik dhe sigurin\u00eb e faqes s\u00eb internetit;<\/li>\n\n\n\n<li>mbledhja e statistikave anonime mbi pjes\u00ebmarrjen;<\/li>\n\n\n\n<li>mbledhja e statistikave anonime mbi pjes\u00ebmarrjen;<\/li>\n\n\n\n<li>analiza e trafikut dhe p\u00ebrmir\u00ebsimi i sh\u00ebrbimit.<\/li>\n<\/ul>\n\n\n\n<p>K\u00ebto t\u00eb dh\u00ebna p\u00ebrdoren ekskluzivisht n\u00eb form\u00eb t\u00eb p\u00ebrmbledhur dhe nuk lejojn\u00eb identifikimin personal t\u00eb vizitor\u00ebve.<\/p>\n\n\n\n<hr class=\"wp-block-separator has-alpha-channel-opacity\"\/>\n\n\n\n<h3 class=\"wp-block-heading\">Shembuj t\u00eb cookie-ve q\u00eb mund t\u00eb p\u00ebrdoren<\/h3>\n\n\n\n<ul class=\"wp-block-list\">\n<li><strong>_ga, _ga_XXXXXX<\/strong> \u2013 statistikat e trafikut (Google Analytics)<\/li>\n\n\n\n<li><strong>_GRECAPTCHA<\/strong> \u2013 mbrojtje kund\u00ebr spamit dhe bot\u00ebve t\u00eb automatizuara<\/li>\n\n\n\n<li><strong>cookielawinfo-checkbox-<\/strong>* \u2013 ruaj zgjedhjen e p\u00eblqimit p\u00ebr cookie-t<\/li>\n<\/ul>\n\n\n\n<hr class=\"wp-block-separator has-alpha-channel-opacity\"\/>\n\n\n\n<h3 class=\"wp-block-heading\">Si t\u00eb kontrolloni ose fshini cookie-t?<\/h3>\n\n\n\n<p>Shumica e shfletuesve t\u00eb internetit ju lejojn\u00eb t\u00eb menaxhoni cookie-t p\u00ebrmes cil\u00ebsimeve (Opsione \/ Preferenca). Mund t'i fshini ato ekzistuese ose t'i bllokoni plot\u00ebsisht.<\/p>\n\n\n\n<p>Ju lutemi vini re se bllokimi i cookie-ve mund t\u00eb ndikoj\u00eb n\u00eb funksionimin e disa pjes\u00ebve t\u00eb faqes s\u00eb internetit.<\/p>\n\n\n\n<p>Udh\u00ebzimet p\u00ebr menaxhimin e cookie-ve mund t\u00eb gjenden n\u00eb cil\u00ebsimet e shfletuesit tuaj:<\/p>\n\n\n\n<ul class=\"wp-block-list\">\n<li>Google Chrome<\/li>\n\n\n\n<li>Mozilla Firefox<\/li>\n\n\n\n<li>Safari<\/li>\n\n\n\n<li>Microsoft Edge \/ Internet Explorer<\/li>\n<\/ul>\n\n\n\n<hr class=\"wp-block-separator has-alpha-channel-opacity\"\/>\n\n\n\n<h3 class=\"wp-block-heading\">Kontakti<\/h3>\n\n\n\n<p>N\u00ebse keni ndonj\u00eb pyetje n\u00eb lidhje me k\u00ebt\u00eb politik\u00eb ose p\u00ebrpunimin e t\u00eb dh\u00ebnave, mund t\u00eb na kontaktoni p\u00ebrmes formularit t\u00eb kontaktit t\u00eb disponuesh\u00ebm n\u00eb <strong>arianimeri.mk<\/strong>.<\/p>\n\n\n\n<p><\/p>\n\n\n\n<p><\/p>\n\n\n\n<p><\/p>\n\n\n\n<p><\/p>","protected":false},"excerpt":{"rendered":"<p>\u0412\u0435\u0431-\u0441\u0442\u0440\u0430\u043d\u0438\u0446\u0430\u0442\u0430 arianimeri.mk \u043a\u043e\u0440\u0438\u0441\u0442\u0438 \u201e\u043a\u043e\u043b\u0430\u0447\u0438\u045a\u0430\u201c (cookies) \u0441\u043e \u0446\u0435\u043b \u0434\u0430 \u043e\u0431\u0435\u0437\u0431\u0435\u0434\u0438 \u043f\u0440\u0430\u0432\u0438\u043b\u043d\u043e \u0444\u0443\u043d\u043a\u0446\u0438\u043e\u043d\u0438\u0440\u0430\u045a\u0435 \u043d\u0430 \u0441\u0442\u0440\u0430\u043d\u0438\u0446\u0430\u0442\u0430, \u043f\u043e\u0434\u043e\u0431\u0440\u043e \u043a\u043e\u0440\u0438\u0441\u043d\u0438\u0447\u043a\u043e \u0438\u0441\u043a\u0443\u0441\u0442\u0432\u043e \u0438 \u0430\u043d\u0430\u043b\u0438\u0437\u0430 \u043d\u0430 \u043f\u043e\u0441\u0435\u0442\u0435\u043d\u043e\u0441\u0442\u0430. \u041f\u0440\u0438 \u043a\u043e\u0440\u0438\u0441\u0442\u0435\u045a\u0435 \u043d\u0430 \u0432\u0435\u0431-\u0441\u0442\u0440\u0430\u043d\u0438\u0446\u0430\u0442\u0430, \u0412\u0438\u0435 \u0441\u0435 \u0441\u043e\u0433\u043b\u0430\u0441\u0443\u0432\u0430\u0442\u0435 \u0441\u043e \u0443\u043f\u043e\u0442\u0440\u0435\u0431\u0430\u0442\u0430 \u043d\u0430 \u043a\u043e\u043b\u0430\u0447\u0438\u045a\u0430 \u0441\u043e\u0433\u043b\u0430\u0441\u043d\u043e \u043e\u0432\u0430\u0430 \u043f\u043e\u043b\u0438\u0442\u0438\u043a\u0430. \u0412\u043e \u0441\u043e\u0433\u043b\u0430\u0441\u043d\u043e\u0441\u0442 \u0441\u043e \u0432\u0430\u0436\u0435\u0447\u043a\u0438\u0442\u0435 \u043f\u0440\u043e\u043f\u0438\u0441\u0438 \u0438 \u0417\u0430\u043a\u043e\u043d\u043e\u0442 \u0437\u0430 \u0437\u0430\u0448\u0442\u0438\u0442\u0430 \u043d\u0430 \u043b\u0438\u0447\u043d\u0438\u0442\u0435 \u043f\u043e\u0434\u0430\u0442\u043e\u0446\u0438, \u0458\u0430 \u043f\u043e\u0447\u0438\u0442\u0443\u0432\u0430\u043c\u0435 \u0412\u0430\u0448\u0430\u0442\u0430 \u043f\u0440\u0438\u0432\u0430\u0442\u043d\u043e\u0441\u0442 \u0438 \u0441\u0435 \u0433\u0440\u0438\u0436\u0438\u043c\u0435 \u0437\u0430 \u0431\u0435\u0437\u0431\u0435\u0434\u043d\u043e\u0441\u0442\u0430 [&hellip;]<\/p>\n","protected":false},"author":1,"featured_media":0,"parent":0,"menu_order":0,"comment_status":"closed","ping_status":"open","template":"","meta":{"_et_pb_use_builder":"","_et_pb_old_content":"","_et_gb_content_width":"1080","footnotes":""},"class_list":["post-3","page","type-page","status-publish","hentry"],"yoast_head":"<!-- This site is optimized with the Yoast SEO plugin v27.1.1 - https:\/\/yoast.com\/product\/yoast-seo-wordpress\/ -->\n<title>\u041f\u043e\u043b\u0438\u0442\u0438\u043a\u0430 \u0437\u0430 \u043a\u043e\u0440\u0438\u0441\u0442\u0435\u045a\u0435 \u201e\u043a\u043e\u043b\u0430\u0447\u0438\u045a\u0430\u201c (cookies) - Arian Imeri<\/title>\n<meta name=\"description\" content=\"\u041f\u043e\u043b\u0438\u0442\u0438\u043a\u0430 \u0437\u0430 \u043a\u043e\u0440\u0438\u0441\u0442\u0435\u045a\u0435 \u201e\u043a\u043e\u043b\u0430\u0447\u0438\u045a\u0430\u201c (cookies) - Arian Imeri -\" \/>\n<meta name=\"robots\" content=\"index, follow, max-snippet:-1, max-image-preview:large, max-video-preview:-1\" \/>\n<link rel=\"canonical\" href=\"https:\/\/arianimeri.mk\/sq\/privacy-policy\/\" \/>\n<meta property=\"og:locale\" content=\"sq_AL\" \/>\n<meta property=\"og:type\" content=\"article\" \/>\n<meta property=\"og:title\" content=\"\u041f\u043e\u043b\u0438\u0442\u0438\u043a\u0430 \u0437\u0430 \u043a\u043e\u0440\u0438\u0441\u0442\u0435\u045a\u0435 \u201e\u043a\u043e\u043b\u0430\u0447\u0438\u045a\u0430\u201c (cookies) - Arian Imeri\" \/>\n<meta property=\"og:description\" content=\"\u041f\u043e\u043b\u0438\u0442\u0438\u043a\u0430 \u0437\u0430 \u043a\u043e\u0440\u0438\u0441\u0442\u0435\u045a\u0435 \u201e\u043a\u043e\u043b\u0430\u0447\u0438\u045a\u0430\u201c (cookies) - Arian Imeri -\" \/>\n<meta property=\"og:url\" content=\"https:\/\/arianimeri.mk\/sq\/privacy-policy\/\" \/>\n<meta property=\"og:site_name\" content=\"Arian Imeri\" \/>\n<meta property=\"article:publisher\" content=\"https:\/\/www.facebook.com\/p\/Zyr-Avokatie-Arian-IMERI-100077579821993\/\" \/>\n<meta property=\"article:modified_time\" content=\"2026-03-02T14:27:05+00:00\" \/>\n<meta property=\"og:image\" content=\"https:\/\/arianimeri.mk\/wp-content\/uploads\/2026\/02\/cropped-Arian-Imeri-Sq-1.png\" \/>\n\t<meta property=\"og:image:width\" content=\"512\" \/>\n\t<meta property=\"og:image:height\" content=\"512\" \/>\n\t<meta property=\"og:image:type\" content=\"image\/png\" \/>\n<meta name=\"twitter:card\" content=\"summary_large_image\" \/>\n<meta name=\"twitter:label1\" content=\"Est. reading time\" \/>\n\t<meta name=\"twitter:data1\" content=\"2 minuta\" \/>\n<script type=\"application\/ld+json\" class=\"yoast-schema-graph\">{\"@context\":\"https:\/\/schema.org\",\"@graph\":[{\"@type\":\"WebPage\",\"@id\":\"https:\/\/arianimeri.mk\/privacy-policy\/\",\"url\":\"https:\/\/arianimeri.mk\/privacy-policy\/\",\"name\":\"\u041f\u043e\u043b\u0438\u0442\u0438\u043a\u0430 \u0437\u0430 \u043a\u043e\u0440\u0438\u0441\u0442\u0435\u045a\u0435 \u201e\u043a\u043e\u043b\u0430\u0447\u0438\u045a\u0430\u201c (cookies) - Arian Imeri\",\"isPartOf\":{\"@id\":\"https:\/\/arianimeri.mk\/#website\"},\"datePublished\":\"2026-02-10T11:51:09+00:00\",\"dateModified\":\"2026-03-02T14:27:05+00:00\",\"description\":\"\u041f\u043e\u043b\u0438\u0442\u0438\u043a\u0430 \u0437\u0430 \u043a\u043e\u0440\u0438\u0441\u0442\u0435\u045a\u0435 \u201e\u043a\u043e\u043b\u0430\u0447\u0438\u045a\u0430\u201c (cookies) - Arian Imeri -\",\"breadcrumb\":{\"@id\":\"https:\/\/arianimeri.mk\/privacy-policy\/#breadcrumb\"},\"inLanguage\":\"sq\",\"potentialAction\":[{\"@type\":\"ReadAction\",\"target\":[\"https:\/\/arianimeri.mk\/privacy-policy\/\"]}]},{\"@type\":\"BreadcrumbList\",\"@id\":\"https:\/\/arianimeri.mk\/privacy-policy\/#breadcrumb\",\"itemListElement\":[{\"@type\":\"ListItem\",\"position\":1,\"name\":\"Home\",\"item\":\"https:\/\/arianimeri.mk\/\"},{\"@type\":\"ListItem\",\"position\":2,\"name\":\"\u041f\u043e\u043b\u0438\u0442\u0438\u043a\u0430 \u0437\u0430 \u043a\u043e\u0440\u0438\u0441\u0442\u0435\u045a\u0435 \u201e\u043a\u043e\u043b\u0430\u0447\u0438\u045a\u0430\u201c (cookies)\"}]},{\"@type\":\"WebSite\",\"@id\":\"https:\/\/arianimeri.mk\/#website\",\"url\":\"https:\/\/arianimeri.mk\/\",\"name\":\"\u0410\u0440\u0438\u0430\u043d \u0418\u043c\u0435\u0440\u0438 | Arian Imeri\",\"description\":\"\u0410\u0434\u0432\u043e\u043a\u0430\u0442\u0441\u043a\u0430 \u043a\u0430\u043d\u0446\u0430\u043b\u0430\u0440\u0438\u0458\u0430 \u0410\u0440\u0438\u0430\u043d \u0418\u043c\u0435\u0440\u0438\",\"publisher\":{\"@id\":\"https:\/\/arianimeri.mk\/#organization\"},\"alternateName\":\"\u0410\u0440\u0438\u0430\u043d \u0418\u043c\u0435\u0440\u0438\",\"potentialAction\":[{\"@type\":\"SearchAction\",\"target\":{\"@type\":\"EntryPoint\",\"urlTemplate\":\"https:\/\/arianimeri.mk\/?s={search_term_string}\"},\"query-input\":{\"@type\":\"PropertyValueSpecification\",\"valueRequired\":true,\"valueName\":\"search_term_string\"}}],\"inLanguage\":\"sq\"},{\"@type\":\"Organization\",\"@id\":\"https:\/\/arianimeri.mk\/#organization\",\"name\":\"\u0410\u0434\u0432\u043e\u043a\u0430\u0442\u0441\u043a\u0430 \u043a\u0430\u043d\u0446\u0430\u043b\u0430\u0440\u0438\u0458\u0430 \u0410\u0440\u0438\u0458\u0430\u043d \u0418\u043c\u0435\u0440\u0438\",\"alternateName\":\"\u041d\u0430\u0458\u0434\u043e\u0431\u0440\u0430 \u043f\u0440\u0430\u0432\u043d\u0430 \u043f\u043e\u0434\u0434\u0440\u0448\u043a\u0430 \u0437\u0430 \u0432\u0430\u0441\",\"url\":\"https:\/\/arianimeri.mk\/\",\"logo\":{\"@type\":\"ImageObject\",\"inLanguage\":\"sq\",\"@id\":\"https:\/\/arianimeri.mk\/#\/schema\/logo\/image\/\",\"url\":\"https:\/\/arianimeri.mk\/wp-content\/uploads\/2026\/02\/cropped-Arian-Imeri-Sq-1.png\",\"contentUrl\":\"https:\/\/arianimeri.mk\/wp-content\/uploads\/2026\/02\/cropped-Arian-Imeri-Sq-1.png\",\"width\":512,\"height\":512,\"caption\":\"\u0410\u0434\u0432\u043e\u043a\u0430\u0442\u0441\u043a\u0430 \u043a\u0430\u043d\u0446\u0430\u043b\u0430\u0440\u0438\u0458\u0430 \u0410\u0440\u0438\u0458\u0430\u043d \u0418\u043c\u0435\u0440\u0438\"},\"image\":{\"@id\":\"https:\/\/arianimeri.mk\/#\/schema\/logo\/image\/\"},\"sameAs\":[\"https:\/\/www.facebook.com\/p\/Zyr-Avokatie-Arian-IMERI-100077579821993\/\"]}]}<\/script>\n<!-- \/ Yoast SEO plugin. -->","yoast_head_json":{"title":"\u041f\u043e\u043b\u0438\u0442\u0438\u043a\u0430 \u0437\u0430 \u043a\u043e\u0440\u0438\u0441\u0442\u0435\u045a\u0435 \u201e\u043a\u043e\u043b\u0430\u0447\u0438\u045a\u0430\u201c (cookies) - Arian Imeri","description":"\u041f\u043e\u043b\u0438\u0442\u0438\u043a\u0430 \u0437\u0430 \u043a\u043e\u0440\u0438\u0441\u0442\u0435\u045a\u0435 \u201e\u043a\u043e\u043b\u0430\u0447\u0438\u045a\u0430\u201c (cookies) - Arian Imeri -","robots":{"index":"index","follow":"follow","max-snippet":"max-snippet:-1","max-image-preview":"max-image-preview:large","max-video-preview":"max-video-preview:-1"},"canonical":"https:\/\/arianimeri.mk\/sq\/privacy-policy\/","og_locale":"sq_AL","og_type":"article","og_title":"\u041f\u043e\u043b\u0438\u0442\u0438\u043a\u0430 \u0437\u0430 \u043a\u043e\u0440\u0438\u0441\u0442\u0435\u045a\u0435 \u201e\u043a\u043e\u043b\u0430\u0447\u0438\u045a\u0430\u201c (cookies) - Arian Imeri","og_description":"\u041f\u043e\u043b\u0438\u0442\u0438\u043a\u0430 \u0437\u0430 \u043a\u043e\u0440\u0438\u0441\u0442\u0435\u045a\u0435 \u201e\u043a\u043e\u043b\u0430\u0447\u0438\u045a\u0430\u201c (cookies) - Arian Imeri -","og_url":"https:\/\/arianimeri.mk\/sq\/privacy-policy\/","og_site_name":"Arian Imeri","article_publisher":"https:\/\/www.facebook.com\/p\/Zyr-Avokatie-Arian-IMERI-100077579821993\/","article_modified_time":"2026-03-02T14:27:05+00:00","og_image":[{"width":512,"height":512,"url":"https:\/\/arianimeri.mk\/wp-content\/uploads\/2026\/02\/cropped-Arian-Imeri-Sq-1.png","type":"image\/png"}],"twitter_card":"summary_large_image","twitter_misc":{"Est. reading time":"2 minuta"},"schema":{"@context":"https:\/\/schema.org","@graph":[{"@type":"WebPage","@id":"https:\/\/arianimeri.mk\/privacy-policy\/","url":"https:\/\/arianimeri.mk\/privacy-policy\/","name":"\u041f\u043e\u043b\u0438\u0442\u0438\u043a\u0430 \u0437\u0430 \u043a\u043e\u0440\u0438\u0441\u0442\u0435\u045a\u0435 \u201e\u043a\u043e\u043b\u0430\u0447\u0438\u045a\u0430\u201c (cookies) - Arian Imeri","isPartOf":{"@id":"https:\/\/arianimeri.mk\/#website"},"datePublished":"2026-02-10T11:51:09+00:00","dateModified":"2026-03-02T14:27:05+00:00","description":"\u041f\u043e\u043b\u0438\u0442\u0438\u043a\u0430 \u0437\u0430 \u043a\u043e\u0440\u0438\u0441\u0442\u0435\u045a\u0435 \u201e\u043a\u043e\u043b\u0430\u0447\u0438\u045a\u0430\u201c (cookies) - Arian Imeri -","breadcrumb":{"@id":"https:\/\/arianimeri.mk\/privacy-policy\/#breadcrumb"},"inLanguage":"sq","potentialAction":[{"@type":"ReadAction","target":["https:\/\/arianimeri.mk\/privacy-policy\/"]}]},{"@type":"BreadcrumbList","@id":"https:\/\/arianimeri.mk\/privacy-policy\/#breadcrumb","itemListElement":[{"@type":"ListItem","position":1,"name":"Home","item":"https:\/\/arianimeri.mk\/"},{"@type":"ListItem","position":2,"name":"\u041f\u043e\u043b\u0438\u0442\u0438\u043a\u0430 \u0437\u0430 \u043a\u043e\u0440\u0438\u0441\u0442\u0435\u045a\u0435 \u201e\u043a\u043e\u043b\u0430\u0447\u0438\u045a\u0430\u201c (cookies)"}]},{"@type":"WebSite","@id":"https:\/\/arianimeri.mk\/#website","url":"https:\/\/arianimeri.mk\/","name":"\u0410\u0440\u0438\u0430\u043d \u0418\u043c\u0435\u0440\u0438 | Arian Imeri","description":"Zyra Advokatska Arian Imeri","publisher":{"@id":"https:\/\/arianimeri.mk\/#organization"},"alternateName":"\u0410\u0440\u0438\u0430\u043d \u0418\u043c\u0435\u0440\u0438","potentialAction":[{"@type":"SearchAction","target":{"@type":"EntryPoint","urlTemplate":"https:\/\/arianimeri.mk\/?s={search_term_string}"},"query-input":{"@type":"PropertyValueSpecification","valueRequired":true,"valueName":"search_term_string"}}],"inLanguage":"sq"},{"@type":"Organization","@id":"https:\/\/arianimeri.mk\/#organization","name":"Zyr\u00eb Avokatie Arian IMERI","alternateName":"\u041d\u0430\u0458\u0434\u043e\u0431\u0440\u0430 \u043f\u0440\u0430\u0432\u043d\u0430 \u043f\u043e\u0434\u0434\u0440\u0448\u043a\u0430 \u0437\u0430 \u0432\u0430\u0441","url":"https:\/\/arianimeri.mk\/","logo":{"@type":"ImageObject","inLanguage":"sq","@id":"https:\/\/arianimeri.mk\/#\/schema\/logo\/image\/","url":"https:\/\/arianimeri.mk\/wp-content\/uploads\/2026\/02\/cropped-Arian-Imeri-Sq-1.png","contentUrl":"https:\/\/arianimeri.mk\/wp-content\/uploads\/2026\/02\/cropped-Arian-Imeri-Sq-1.png","width":512,"height":512,"caption":"\u0410\u0434\u0432\u043e\u043a\u0430\u0442\u0441\u043a\u0430 \u043a\u0430\u043d\u0446\u0430\u043b\u0430\u0440\u0438\u0458\u0430 \u0410\u0440\u0438\u0458\u0430\u043d \u0418\u043c\u0435\u0440\u0438"},"image":{"@id":"https:\/\/arianimeri.mk\/#\/schema\/logo\/image\/"},"sameAs":["https:\/\/www.facebook.com\/p\/Zyr-Avokatie-Arian-IMERI-100077579821993\/"]}]}},"_links":{"self":[{"href":"https:\/\/arianimeri.mk\/sq\/wp-json\/wp\/v2\/pages\/3","targetHints":{"allow":["GET"]}}],"collection":[{"href":"https:\/\/arianimeri.mk\/sq\/wp-json\/wp\/v2\/pages"}],"about":[{"href":"https:\/\/arianimeri.mk\/sq\/wp-json\/wp\/v2\/types\/page"}],"author":[{"embeddable":true,"href":"https:\/\/arianimeri.mk\/sq\/wp-json\/wp\/v2\/users\/1"}],"replies":[{"embeddable":true,"href":"https:\/\/arianimeri.mk\/sq\/wp-json\/wp\/v2\/comments?post=3"}],"version-history":[{"count":4,"href":"https:\/\/arianimeri.mk\/sq\/wp-json\/wp\/v2\/pages\/3\/revisions"}],"predecessor-version":[{"id":77132,"href":"https:\/\/arianimeri.mk\/sq\/wp-json\/wp\/v2\/pages\/3\/revisions\/77132"}],"wp:attachment":[{"href":"https:\/\/arianimeri.mk\/sq\/wp-json\/wp\/v2\/media?parent=3"}],"curies":[{"name":"wp","href":"https:\/\/api.w.org\/{rel}","templated":true}]}}